{"id":377,"date":"2025-06-12T12:56:35","date_gmt":"2025-06-12T10:56:35","guid":{"rendered":"https:\/\/www.lesvoyagesdesosoo.com\/?page_id=377"},"modified":"2025-06-17T16:40:04","modified_gmt":"2025-06-17T14:40:04","slug":"mentions-legales","status":"publish","type":"page","link":"https:\/\/www.lesvoyagesdesosoo.com\/index.php\/mentions-legales\/","title":{"rendered":"Mentions L\u00e9gales"},"content":{"rendered":"\t\t<div data-elementor-type=\"wp-page\" data-elementor-id=\"377\" class=\"elementor elementor-377\">\n\t\t\t\t<div class=\"elementor-element elementor-element-8368fee e-flex e-con-boxed e-con e-parent\" data-id=\"8368fee\" data-element_type=\"container\">\n\t\t\t\t\t<div class=\"e-con-inner\">\n\t\t<div class=\"elementor-element elementor-element-a826969 e-con-full e-flex e-con e-child\" data-id=\"a826969\" data-element_type=\"container\">\n\t\t\t\t<div class=\"elementor-element elementor-element-3e774d4 elementor-widget elementor-widget-spacer\" data-id=\"3e774d4\" data-element_type=\"widget\" data-widget_type=\"spacer.default\">\n\t\t\t\t<div class=\"elementor-widget-container\">\n\t\t\t\t\t\t\t<div class=\"elementor-spacer\">\n\t\t\t<div class=\"elementor-spacer-inner\"><\/div>\n\t\t<\/div>\n\t\t\t\t\t\t<\/div>\n\t\t\t\t<\/div>\n\t\t<div class=\"elementor-element elementor-element-b49cd91 e-con-full e-flex e-con e-child\" data-id=\"b49cd91\" data-element_type=\"container\">\n\t\t\t\t<div class=\"elementor-element elementor-element-5673f5e elementor-widget elementor-widget-heading\" data-id=\"5673f5e\" data-element_type=\"widget\" data-widget_type=\"heading.default\">\n\t\t\t\t<div class=\"elementor-widget-container\">\n\t\t\t\t\t<h2 class=\"elementor-heading-title elementor-size-default\">Mentions l\u00e9gales<\/h2>\t\t\t\t<\/div>\n\t\t\t\t<\/div>\n\t\t\t\t<\/div>\n\t\t<div class=\"elementor-element elementor-element-29450c2 e-con-full e-flex e-con e-child\" data-id=\"29450c2\" data-element_type=\"container\">\n\t\t\t\t<div class=\"elementor-element elementor-element-c83639e elementor-widget elementor-widget-text-editor\" data-id=\"c83639e\" data-element_type=\"widget\" data-widget_type=\"text-editor.default\">\n\t\t\t\t<div class=\"elementor-widget-container\">\n\t\t\t\t\t\t\t\t\t<h2 data-start=\"222\" data-end=\"248\">1\ufe0f\u20e3 \ud83d\udd8b\ufe0f \u00c9dition du site<\/h2><p data-start=\"250\" data-end=\"444\">Conform\u00e9ment aux dispositions des articles 6-III et 19 de la Loi n\u00b02004-575 du 21 juin 2004 pour la confiance dans l&#8217;\u00e9conomie num\u00e9rique (LCEN), nous informons les utilisateurs du site internet :<\/p><p data-start=\"446\" data-end=\"729\"><strong data-start=\"446\" data-end=\"463\">Nom du site :<\/strong> Les Voyages de Sosoo<br data-start=\"477\" data-end=\"480\" \/><strong data-start=\"480\" data-end=\"497\">URL du site :<\/strong> https:\/\/lesvoyagesdesosoo.com<br data-start=\"523\" data-end=\"526\" \/><strong data-start=\"526\" data-end=\"539\">\u00c9diteur :<\/strong> Solesne<br data-start=\"595\" data-end=\"598\" \/><strong data-start=\"598\" data-end=\"609\">Email :<\/strong> lesvoyagesdesosoo@gmail.com<br data-start=\"689\" data-end=\"692\" \/><strong data-start=\"692\" data-end=\"717\">Statut de l\u2019\u00e9diteur :<\/strong> Particulier<\/p><h2 data-start=\"731\" data-end=\"753\">2\ufe0f\u20e3 \ud83d\uddc4\ufe0f H\u00e9bergement<\/h2><p data-start=\"755\" data-end=\"866\"><strong data-start=\"755\" data-end=\"770\">H\u00e9bergeur :<\/strong><br data-start=\"770\" data-end=\"773\" \/>OVH SAS<br data-start=\"780\" data-end=\"783\" \/>2 rue Kellermann \u2013 59100 Roubaix \u2013 France<br data-start=\"824\" data-end=\"827\" \/>T\u00e9l : 1007<br data-start=\"837\" data-end=\"840\" \/>Site : <a class=\"\" href=\"https:\/\/www.ovh.com\" target=\"_new\" rel=\"noopener\" data-start=\"847\" data-end=\"866\">https:\/\/www.ovh.com<\/a><\/p><h2 data-start=\"868\" data-end=\"902\">3\ufe0f\u20e3 \ud83e\udde0 Propri\u00e9t\u00e9 intellectuelle<\/h2><p data-start=\"904\" data-end=\"1150\">Le contenu du site (textes, images, photographies, vid\u00e9os, logos, etc.) est prot\u00e9g\u00e9 par le droit d\u2019auteur.<br data-start=\"1010\" data-end=\"1013\" \/>Toute reproduction ou repr\u00e9sentation, m\u00eame partielle, est interdite sans l\u2019autorisation pr\u00e9alable de l\u2019\u00e9diteur, sauf mentions contraires.<\/p><h2 data-start=\"1152\" data-end=\"1182\">4\ufe0f\u20e3 \ud83d\udd10 Donn\u00e9es personnelles<\/h2><p data-start=\"1184\" data-end=\"1437\">Ce site est un blog personnel et ne collecte pas de donn\u00e9es personnelles \u00e0 des fins commerciales.<br data-start=\"1281\" data-end=\"1284\" \/>Toute information transmise via un formulaire de contact ou par commentaire est utilis\u00e9e uniquement dans le cadre de la communication avec l\u2019utilisateur.<\/p><p data-start=\"1439\" data-end=\"1671\">Conform\u00e9ment au R\u00e8glement G\u00e9n\u00e9ral sur la Protection des Donn\u00e9es (RGPD), vous disposez d\u2019un droit d\u2019acc\u00e8s, de rectification et de suppression des donn\u00e9es vous concernant. Pour exercer ce droit, contactez : lesvoyagesdesosoo@gmail.com.<\/p><h2 data-start=\"1673\" data-end=\"1690\">5\ufe0f\u20e3 \ud83c\udf6a Cookies<\/h2><p data-start=\"1692\" data-end=\"1883\">Le site peut utiliser des cookies \u00e0 des fins de mesure d\u2019audience ou pour am\u00e9liorer l\u2019exp\u00e9rience utilisateur. En continuant la navigation sur ce site, vous acceptez l\u2019utilisation des cookies.<\/p><h2 data-start=\"1885\" data-end=\"1909\">6\ufe0f\u20e3 \u26a0\ufe0f Responsabilit\u00e9<\/h2><p data-start=\"1911\" data-end=\"2121\">L\u2019\u00e9diteur ne saurait \u00eatre tenu responsable des erreurs rencontr\u00e9es sur le site, des probl\u00e8mes techniques, ou de l\u2019interpr\u00e9tation des informations publi\u00e9es. Le contenu est fourni \u00e0 titre informatif et personnel.<\/p><h2 data-start=\"2123\" data-end=\"2161\">7\ufe0f\u20e3 \ud83e\udd1d Affiliations et partenariats<\/h2><p data-start=\"2163\" data-end=\"2412\">Ce site peut contenir des liens affili\u00e9s ou des partenariats commerciaux. Cela signifie que l\u2019\u00e9diteur peut percevoir une commission si vous effectuez un achat ou une action via certains liens pr\u00e9sents sur le blog, sans co\u00fbt suppl\u00e9mentaire pour vous.<\/p><p data-start=\"2414\" data-end=\"2502\">Ces liens permettent de soutenir la cr\u00e9ation de contenu et le maintien du site en ligne.<\/p><p data-start=\"2504\" data-end=\"2630\">L\u2019\u00e9diteur s\u2019engage \u00e0 recommander uniquement des produits ou services test\u00e9s, appr\u00e9ci\u00e9s, ou jug\u00e9s utiles dans le cadre du blog.<\/p><p data-start=\"2632\" data-end=\"2829\">En cas de partenariat sponsoris\u00e9 (articles, voyages, produits re\u00e7us gratuitement, etc.), cela sera clairement indiqu\u00e9 au sein du contenu concern\u00e9, dans un souci de transparence envers les lecteurs.<\/p><p><!-- \/wp:paragraph --><!-- wp:separator --><!-- \/wp:paragraph --><\/p>\t\t\t\t\t\t\t\t<\/div>\n\t\t\t\t<\/div>\n\t\t\t\t<\/div>\n\t\t\t\t<\/div>\n\t\t\t\t\t<\/div>\n\t\t\t\t<\/div>\n\t\t\t\t<\/div>\n\t\t","protected":false},"excerpt":{"rendered":"<p>Mentions l\u00e9gales 1\ufe0f\u20e3 \ud83d\udd8b\ufe0f \u00c9dition du site Conform\u00e9ment aux dispositions des articles 6-III et 19 de la Loi n\u00b02004-575 du 21 juin 2004 pour la confiance dans l&#8217;\u00e9conomie num\u00e9rique (LCEN), nous informons les utilisateurs du site internet : Nom du site : Les Voyages de SosooURL du site : https:\/\/lesvoyagesdesosoo.com\u00c9diteur : SolesneEmail : lesvoyagesdesosoo@gmail.comStatut de [&hellip;]<\/p>\n","protected":false},"author":1,"featured_media":0,"parent":0,"menu_order":0,"comment_status":"closed","ping_status":"closed","template":"elementor_header_footer","meta":{"ocean_post_layout":"","ocean_both_sidebars_style":"","ocean_both_sidebars_content_width":0,"ocean_both_sidebars_sidebars_width":0,"ocean_sidebar":"","ocean_second_sidebar":"","ocean_disable_margins":"enable","ocean_add_body_class":"","ocean_shortcode_before_top_bar":"","ocean_shortcode_after_top_bar":"","ocean_shortcode_before_header":"","ocean_shortcode_after_header":"","ocean_has_shortcode":"","ocean_shortcode_after_title":"","ocean_shortcode_before_footer_widgets":"","ocean_shortcode_after_footer_widgets":"","ocean_shortcode_before_footer_bottom":"","ocean_shortcode_after_footer_bottom":"","ocean_display_top_bar":"default","ocean_display_header":"default","ocean_header_style":"","ocean_center_header_left_menu":"","ocean_custom_header_template":"","ocean_custom_logo":0,"ocean_custom_retina_logo":0,"ocean_custom_logo_max_width":0,"ocean_custom_logo_tablet_max_width":0,"ocean_custom_logo_mobile_max_width":0,"ocean_custom_logo_max_height":0,"ocean_custom_logo_tablet_max_height":0,"ocean_custom_logo_mobile_max_height":0,"ocean_header_custom_menu":"","ocean_menu_typo_font_family":"","ocean_menu_typo_font_subset":"","ocean_menu_typo_font_size":0,"ocean_menu_typo_font_size_tablet":0,"ocean_menu_typo_font_size_mobile":0,"ocean_menu_typo_font_size_unit":"px","ocean_menu_typo_font_weight":"","ocean_menu_typo_font_weight_tablet":"","ocean_menu_typo_font_weight_mobile":"","ocean_menu_typo_transform":"","ocean_menu_typo_transform_tablet":"","ocean_menu_typo_transform_mobile":"","ocean_menu_typo_line_height":0,"ocean_menu_typo_line_height_tablet":0,"ocean_menu_typo_line_height_mobile":0,"ocean_menu_typo_line_height_unit":"","ocean_menu_typo_spacing":0,"ocean_menu_typo_spacing_tablet":0,"ocean_menu_typo_spacing_mobile":0,"ocean_menu_typo_spacing_unit":"","ocean_menu_link_color":"","ocean_menu_link_color_hover":"","ocean_menu_link_color_active":"","ocean_menu_link_background":"","ocean_menu_link_hover_background":"","ocean_menu_link_active_background":"","ocean_menu_social_links_bg":"","ocean_menu_social_hover_links_bg":"","ocean_menu_social_links_color":"","ocean_menu_social_hover_links_color":"","ocean_disable_title":"default","ocean_disable_heading":"default","ocean_post_title":"","ocean_post_subheading":"","ocean_post_title_style":"","ocean_post_title_background_color":"","ocean_post_title_background":0,"ocean_post_title_bg_image_position":"","ocean_post_title_bg_image_attachment":"","ocean_post_title_bg_image_repeat":"","ocean_post_title_bg_image_size":"","ocean_post_title_height":0,"ocean_post_title_bg_overlay":0.5,"ocean_post_title_bg_overlay_color":"","ocean_disable_breadcrumbs":"default","ocean_breadcrumbs_color":"","ocean_breadcrumbs_separator_color":"","ocean_breadcrumbs_links_color":"","ocean_breadcrumbs_links_hover_color":"","ocean_display_footer_widgets":"default","ocean_display_footer_bottom":"default","ocean_custom_footer_template":"","footnotes":""},"class_list":["post-377","page","type-page","status-publish","hentry","entry"],"rttpg_featured_image_url":null,"rttpg_author":{"display_name":"bonninf-adm","author_link":"https:\/\/www.lesvoyagesdesosoo.com\/index.php\/author\/bonninf-adm\/"},"rttpg_comment":0,"rttpg_category":null,"rttpg_excerpt":"Mentions l\u00e9gales 1\ufe0f\u20e3 \ud83d\udd8b\ufe0f \u00c9dition du site Conform\u00e9ment aux dispositions des articles 6-III et 19 de la Loi n\u00b02004-575 du 21 juin 2004 pour la confiance dans l&#8217;\u00e9conomie num\u00e9rique (LCEN), nous informons les utilisateurs du site internet : Nom du site : Les Voyages de SosooURL du site : https:\/\/lesvoyagesdesosoo.com\u00c9diteur : SolesneEmail : lesvoyagesdesosoo@gmail.comStatut de&hellip;","_links":{"self":[{"href":"https:\/\/www.lesvoyagesdesosoo.com\/index.php\/wp-json\/wp\/v2\/pages\/377","targetHints":{"allow":["GET"]}}],"collection":[{"href":"https:\/\/www.lesvoyagesdesosoo.com\/index.php\/wp-json\/wp\/v2\/pages"}],"about":[{"href":"https:\/\/www.lesvoyagesdesosoo.com\/index.php\/wp-json\/wp\/v2\/types\/page"}],"author":[{"embeddable":true,"href":"https:\/\/www.lesvoyagesdesosoo.com\/index.php\/wp-json\/wp\/v2\/users\/1"}],"replies":[{"embeddable":true,"href":"https:\/\/www.lesvoyagesdesosoo.com\/index.php\/wp-json\/wp\/v2\/comments?post=377"}],"version-history":[{"count":16,"href":"https:\/\/www.lesvoyagesdesosoo.com\/index.php\/wp-json\/wp\/v2\/pages\/377\/revisions"}],"predecessor-version":[{"id":848,"href":"https:\/\/www.lesvoyagesdesosoo.com\/index.php\/wp-json\/wp\/v2\/pages\/377\/revisions\/848"}],"wp:attachment":[{"href":"https:\/\/www.lesvoyagesdesosoo.com\/index.php\/wp-json\/wp\/v2\/media?parent=377"}],"curies":[{"name":"wp","href":"https:\/\/api.w.org\/{rel}","templated":true}]}}